{"id":27,"date":"2025-02-23T18:32:57","date_gmt":"2025-02-23T17:32:57","guid":{"rendered":"https:\/\/polytec.trend-agentur.at\/?page_id=27"},"modified":"2025-09-19T14:10:59","modified_gmt":"2025-09-19T12:10:59","slug":"datenschutz","status":"publish","type":"page","link":"https:\/\/www.polytec.co\/hr\/datenschutz\/","title":{"rendered":"Za\u0161tita podataka"},"content":{"rendered":"<div data-elementor-type=\"wp-page\" data-elementor-id=\"27\" class=\"elementor elementor-27\" data-elementor-post-type=\"page\">\n\t\t\t\t<div class=\"elementor-element elementor-element-08ea3d5 e-flex e-con-boxed e-con e-parent\" data-id=\"08ea3d5\" data-element_type=\"container\">\n\t\t\t\t\t<div class=\"e-con-inner\">\n\t\t\t\t<div class=\"elementor-element elementor-element-3161bfd elementor-widget elementor-widget-text-editor\" data-id=\"3161bfd\" data-element_type=\"widget\" data-widget_type=\"text-editor.default\">\n\t\t\t\t\t\t\t\t\t<h3>Ograni\u010denje odgovornosti<\/h3><p>Sadr\u017eaj ove web stranice kreiran je s najve\u0107om pa\u017enjom. POLYTEC \u2013 polyurea-technology GmbH ne preuzima nikakvu odgovornost za aktualnost, potpunost ili to\u010dnost stranica i sadr\u017eaja dostupnih na ovoj web stranici. Kao pru\u017eatelj usluga, POLYTEC \u2013 polyurea-technology GmbH odgovoran je za vlastiti sadr\u017eaj i informacije dostupne na ovim stranicama u skladu s op\u0107im zakonom; me\u0111utim, nije obvezan pratiti dostavljene ili pohranjene informacije tre\u0107ih strana. Taj \u0107e sadr\u017eaj biti uklonjen ili blokiran odmah po saznanju o odre\u0111enom kr\u0161enju zakona. Odgovornost je mogu\u0107a tek od trenutka saznanja.<\/p><h3>vanjske poveznice<\/h3><p>Pru\u017eatelj web stranice nema utjecaja na sadr\u017eaj neizravnih ili izravnih poveznica na vanjske web stranice. Stoga pru\u017eatelj ne mo\u017ee preuzeti nikakvu odgovornost za taj sadr\u017eaj. Za to\u010dnost informacija odgovoran je odgovaraju\u0107i pru\u017eatelj povezane web stranice. U trenutku povezivanja nisu bile vidljive pravne povrede. Nakon obavijesti o takvoj povredi, poveznica \u0107e biti odmah uklonjena.<\/p><h3>Autorska prava i sporedna autorska prava<\/h3><p>Sadr\u017eaj objavljen na web stranici, kao i pru\u017eena djela i informacije, podlije\u017eu autorskim pravima i srodnim zakonima o autorskim pravima. Bilo kakav oblik obrade, reprodukcije, distribucije, pohrane ili bilo koji oblik iskori\u0161tavanja izvan granica zakona o autorskim pravima zahtijeva prethodnu pisanu suglasnost autora.<\/p><h3>Za\u0161tita podataka<\/h3><p>Za\u0161tita va\u0161ih osobnih podataka nam je od najve\u0107e va\u017enosti. Stoga va\u0161e podatke obra\u0111ujemo isklju\u010divo u skladu sa zakonskim odredbama (GDPR 2018). U ovoj politici privatnosti obavje\u0161tavamo vas o najva\u017enijim aspektima obrade podataka na na\u0161oj web stranici.<\/p><p>Obra\u0111ujemo samo osobne podatke koje nam dostavite kao dio mogu\u0107eg poja\u0161njenja narud\u017ebe, i to ime, prezime, adresu, adresu e-po\u0161te i broj telefona.<\/p><p>Svrhe za koje se obra\u0111uju osobni ili osjetljivi podaci i pravna osnova:<br \/>Va\u0161i osobni podaci obra\u0111uju se u sljede\u0107e svrhe: Obrada i prijenos podataka u kontekstu pru\u017eanja konzultantskih usluga klijentima i onima koji su uklju\u010deni u proces konzultacija, uklju\u010duju\u0107i ra\u010dunalno generirane i arhivirane tekstualne dokumente (kao \u0161to je korespondencija) u ovom predmetu. Ova obrada temelji se na GDPR-u.<\/p><p>Podaci koje dajete potrebni su za ispunjenje ugovora ili za provo\u0111enje predugovornih mjera. Bez ovih podataka ne mo\u017eemo, na primjer, sklopiti ugovor o savjetovanju s vama. Podaci se u pravilu prenose tre\u0107im stranama samo radi prijenosa relevantnih podataka na\u0161em poreznom savjetniku radi ispunjavanja na\u0161ih poreznih obveza.<\/p><h3>Kontaktirajte nas<\/h3><p>Kada nas kontaktirate putem e-po\u0161te ili telefona, va\u0161i \u0107e se podaci pohraniti u svrhu obrade va\u0161eg upita i u slu\u010daju da se pojave bilo kakva dodatna pitanja. Va\u0161i \u0107e se podaci odmah izbrisati, osim ako kontakt ne rezultira daljnjim narud\u017ebama ili novom narud\u017ebom.<\/p><h3>Opoziv, promjene, ispravci i a\u017euriranja<\/h3><p>Korisnici imaju pravo na zahtjev i besplatno primiti informacije o osobnim podacima koji su o njima pohranjeni. Osim toga, imaju pravo ispraviti neto\u010dne podatke, blokirati i izbrisati svoje osobne podatke, pod uvjetom da to nije u suprotnosti sa zakonskim rokom \u010duvanja.<\/p><h3>Kola\u010di\u0107i<\/h3><p>Na\u0161a web stranica koristi kola\u010di\u0107e. To su male tekstualne datoteke koje va\u0161 preglednik pohranjuje na va\u0161 ure\u0111aj. Ne uzrokuju nikakvu \u0161tetu.<br \/>Koristimo kola\u010di\u0107e kako bismo na\u0161u uslugu u\u010dinili jednostavnom za kori\u0161tenje. Neki kola\u010di\u0107i ostaju pohranjeni na va\u0161em ure\u0111aju dok ih ne izbri\u0161ete. Omogu\u0107uju nam prepoznavanje va\u0161eg preglednika prilikom sljede\u0107eg posjeta.<br \/>Ako to ne \u017eelite, mo\u017eete konfigurirati svoj preglednik da vas obavje\u0161tava o kori\u0161tenju kola\u010di\u0107a i dopu\u0161ta to samo u pojedina\u010dnim slu\u010dajevima. Onemogu\u0107avanje kola\u010di\u0107a mo\u017ee ograni\u010diti funkcionalnost na\u0161e web stranice.<\/p><h3>Va\u0161a prava<\/h3><p>Op\u0107enito imate pravo na informacije, ispravak, brisanje, ograni\u010denje, prenosivost podataka, opoziv i prigovor. Ako smatrate da obrada va\u0161ih podataka kr\u0161i zakon o za\u0161titi podataka ili da su va\u0161a prava na za\u0161titu podataka na bilo koji drugi na\u010din povrije\u0111ena, mo\u017eete podnijeti pritu\u017ebu nadzornom tijelu. U Austriji je to Tijelo za za\u0161titu podataka. Prije nego \u0161to razmotrite ovaj korak, obratite nam se izravno kako bismo mogli odmah odgovoriti na va\u0161e nedoumice i prona\u0107i brzo rje\u0161enje.<\/p><p>O svom prigovoru nas mo\u017eete obavijestiti koriste\u0107i sljede\u0107e kontakt podatke<\/p><p>POLYTEC \u2013 poliurea-tehnologija GmbH | Hadikgasse 64, 1140 Be\u010d | office@polytec-austria.at<\/p>\t\t\t\t\t\t\t\t<\/div>\n\t\t\t\t\t<\/div>\n\t\t\t\t<\/div>\n\t\t\t\t<\/div>","protected":false},"excerpt":{"rendered":"<p>Ograni\u010denje odgovornosti: Sadr\u017eaj ove web stranice kreiran je s najve\u0107om mogu\u0107om pa\u017enjom. POLYTEC \u2013 polyurea-technology GmbH ne preuzima nikakvu odgovornost za pravovremenost, potpunost i to\u010dnost stranica i sadr\u017eaja dostupnih na ovoj web stranici. Kao pru\u017eatelj usluga, POLYTEC \u2013 polyurea-technology GmbH odgovoran je za vlastiti sadr\u017eaj i informacije dostupne na ovim stranicama u skladu s op\u0107im zakonom, ali nije obvezan [\u2026]<\/p>","protected":false},"author":1,"featured_media":0,"parent":0,"menu_order":0,"comment_status":"closed","ping_status":"closed","template":"elementor_theme","meta":{"footnotes":""},"class_list":["post-27","page","type-page","status-publish","hentry"],"_links":{"self":[{"href":"https:\/\/www.polytec.co\/hr\/wp-json\/wp\/v2\/pages\/27","targetHints":{"allow":["GET"]}}],"collection":[{"href":"https:\/\/www.polytec.co\/hr\/wp-json\/wp\/v2\/pages"}],"about":[{"href":"https:\/\/www.polytec.co\/hr\/wp-json\/wp\/v2\/types\/page"}],"author":[{"embeddable":true,"href":"https:\/\/www.polytec.co\/hr\/wp-json\/wp\/v2\/users\/1"}],"replies":[{"embeddable":true,"href":"https:\/\/www.polytec.co\/hr\/wp-json\/wp\/v2\/comments?post=27"}],"version-history":[{"count":41,"href":"https:\/\/www.polytec.co\/hr\/wp-json\/wp\/v2\/pages\/27\/revisions"}],"predecessor-version":[{"id":2264,"href":"https:\/\/www.polytec.co\/hr\/wp-json\/wp\/v2\/pages\/27\/revisions\/2264"}],"wp:attachment":[{"href":"https:\/\/www.polytec.co\/hr\/wp-json\/wp\/v2\/media?parent=27"}],"curies":[{"name":"radni list","href":"https:\/\/api.w.org\/{rel}","templated":true}]}}