{"id":216,"date":"2025-06-19T15:51:53","date_gmt":"2025-06-19T13:51:53","guid":{"rendered":"https:\/\/polytec.trend-agentur.at\/?page_id=216"},"modified":"2025-10-14T14:46:13","modified_gmt":"2025-10-14T12:46:13","slug":"kontakt","status":"publish","type":"page","link":"https:\/\/www.polytec.co\/hr\/kontakt\/","title":{"rendered":"kontakt"},"content":{"rendered":"<div data-elementor-type=\"wp-page\" data-elementor-id=\"216\" class=\"elementor elementor-216\" data-elementor-post-type=\"page\">\n\t\t\t\t<div class=\"elementor-element elementor-element-c6ca014 e-con-full e-flex e-con e-parent\" data-id=\"c6ca014\" data-element_type=\"container\">\n\t\t<div class=\"elementor-element elementor-element-48523cd e-con-full e-flex e-con e-child\" data-id=\"48523cd\" data-element_type=\"container\" data-settings=\"{&quot;background_background&quot;:&quot;classic&quot;}\">\n\t\t<div class=\"elementor-element elementor-element-bf08f66 e-flex e-con-boxed e-con e-child\" data-id=\"bf08f66\" data-element_type=\"container\">\n\t\t\t\t\t<div class=\"e-con-inner\">\n\t\t\t\t<div class=\"elementor-element elementor-element-ba0f7e9 elementor-icon-list--layout-inline elementor-mobile-align-center elementor-tablet-align-left elementor-hidden-desktop elementor-hidden-tablet elementor-hidden-mobile elementor-list-item-link-full_width elementor-widget elementor-widget-icon-list\" data-id=\"ba0f7e9\" data-element_type=\"widget\" data-widget_type=\"icon-list.default\">\n\t\t\t\t\t\t\t<ul class=\"elementor-icon-list-items elementor-inline-items\">\n\t\t\t\t\t\t\t<li class=\"elementor-icon-list-item elementor-inline-item\">\n\t\t\t\t\t\t\t\t\t\t\t<a href=\"https:\/\/www.polytec.co\/hr\/\">\n\n\t\t\t\t\t\t\t\t\t\t\t<span class=\"elementor-icon-list-text\">Dom<\/span>\n\t\t\t\t\t\t\t\t\t\t\t<\/a>\n\t\t\t\t\t\t\t\t\t<\/li>\n\t\t\t\t\t\t\t\t<li class=\"elementor-icon-list-item elementor-inline-item\">\n\t\t\t\t\t\t\t\t\t\t\t<span class=\"elementor-icon-list-icon\">\n\t\t\t\t\t\t\t<i aria-hidden=\"true\" class=\"jki jki-angle-right-solid\"><\/i>\t\t\t\t\t\t<\/span>\n\t\t\t\t\t\t\t\t\t\t<span class=\"elementor-icon-list-text\"><\/span>\n\t\t\t\t\t\t\t\t\t<\/li>\n\t\t\t\t\t\t\t\t<li class=\"elementor-icon-list-item elementor-inline-item\">\n\t\t\t\t\t\t\t\t\t\t\t<a href=\"https:\/\/www.polytec.co\/hr\/kontakt\/\">\n\n\t\t\t\t\t\t\t\t\t\t\t<span class=\"elementor-icon-list-text\">Kontakt<\/span>\n\t\t\t\t\t\t\t\t\t\t\t<\/a>\n\t\t\t\t\t\t\t\t\t<\/li>\n\t\t\t\t\t\t<\/ul>\n\t\t\t\t\t\t<\/div>\n\t\t\t\t<div class=\"elementor-element elementor-element-d8e9f3b elementor-widget__width-initial elementor-widget elementor-widget-heading\" data-id=\"d8e9f3b\" data-element_type=\"widget\" data-widget_type=\"heading.default\">\n\t\t\t\t\t<h2 class=\"elementor-heading-title elementor-size-default\">Kontaktirajte nas bilo kada<\/h2>\t\t\t\t<\/div>\n\t\t\t\t\t<\/div>\n\t\t\t\t<\/div>\n\t\t\t\t<\/div>\n\t\t\t\t<\/div>\n\t\t<div class=\"elementor-element elementor-element-cb244af e-flex e-con-boxed e-con e-parent\" data-id=\"cb244af\" data-element_type=\"container\" id=\"formular\">\n\t\t\t\t\t<div class=\"e-con-inner\">\n\t\t\t\t<div class=\"elementor-element elementor-element-ae48635 elementor-widget elementor-widget-shortcode\" data-id=\"ae48635\" data-element_type=\"widget\" id=\"kontaktformular\" data-widget_type=\"shortcode.default\">\n\t\t\t\t\t\t\t<div class=\"elementor-shortcode\">\t\t<div data-elementor-type=\"container\" data-elementor-id=\"692\" class=\"elementor elementor-692\" data-elementor-post-type=\"elementor_library\">\n\t\t\t\t<div class=\"elementor-element elementor-element-7d28ee74 e-flex e-con-boxed e-con e-parent\" data-id=\"7d28ee74\" data-element_type=\"container\">\n\t\t\t\t\t<div class=\"e-con-inner\">\n\t\t<div class=\"elementor-element elementor-element-47888562 e-con-full e-flex e-con e-child\" data-id=\"47888562\" data-element_type=\"container\">\n\t\t<div class=\"elementor-element elementor-element-22420995 e-con-full e-flex e-con e-child\" data-id=\"22420995\" data-element_type=\"container\" data-settings=\"{&quot;background_background&quot;:&quot;classic&quot;}\">\n\t\t\t\t<div class=\"elementor-element elementor-element-588b4858 elementor-widget elementor-widget-heading\" data-id=\"588b4858\" data-element_type=\"widget\" data-widget_type=\"heading.default\">\n\t\t\t\t\t<h4 class=\"elementor-heading-title elementor-size-default\">Kontaktirajte nas za tehni\u010dke konzultacije ili prilago\u0111enu ponudu.<\/h4>\t\t\t\t<\/div>\n\t\t\t\t<div class=\"elementor-element elementor-element-39246835 elementor-button-align-stretch elementor-widget elementor-widget-form\" data-id=\"39246835\" data-element_type=\"widget\" data-settings=\"{&quot;step_next_label&quot;:&quot;N\\u00e4chster&quot;,&quot;step_previous_label&quot;:&quot;Voriger&quot;,&quot;button_width&quot;:&quot;100&quot;,&quot;step_type&quot;:&quot;number_text&quot;,&quot;step_icon_shape&quot;:&quot;circle&quot;}\" data-widget_type=\"form.default\">\n\t\t\t\t\t\t\t<form class=\"elementor-form\" method=\"post\" name=\"Neues Formular\" aria-label=\"Novi obrazac\" action=\"\">\n\t\t\t<input type=\"hidden\" name=\"post_id\" value=\"692\"\/>\n\t\t\t<input type=\"hidden\" name=\"form_id\" value=\"39246835\"\/>\n\t\t\t<input type=\"hidden\" name=\"referer_title\" value=\"Kontakt - Polytec\" \/>\n\n\t\t\t\t\t\t\t<input type=\"hidden\" name=\"queried_id\" value=\"216\"\/>\n\t\t\t\n\t\t\t<div class=\"elementor-form-fields-wrapper elementor-labels-above\">\n\t\t\t\t\t\t\t\t<div class=\"elementor-field-type-text elementor-field-group elementor-column elementor-field-group-vorname elementor-col-100 elementor-field-required elementor-mark-required\">\n\t\t\t\t\t\t\t\t\t\t\t\t<label for=\"form-field-vorname\" class=\"elementor-field-label\">\n\t\t\t\t\t\t\t\tIme\t\t\t\t\t\t\t<\/label>\n\t\t\t\t\t\t\t\t\t\t\t\t\t\t<input size=\"1\" type=\"text\" name=\"form_fields[vorname]\" id=\"form-field-vorname\" class=\"elementor-field elementor-size-sm  elementor-field-textual\" required=\"required\">\n\t\t\t\t\t\t\t\t\t\t\t<\/div>\n\t\t\t\t\t\t\t\t<div class=\"elementor-field-type-text elementor-field-group elementor-column elementor-field-group-nachname elementor-col-100 elementor-field-required elementor-mark-required\">\n\t\t\t\t\t\t\t\t\t\t\t\t<label for=\"form-field-nachname\" class=\"elementor-field-label\">\n\t\t\t\t\t\t\t\tPrezime\t\t\t\t\t\t\t<\/label>\n\t\t\t\t\t\t\t\t\t\t\t\t\t\t<input size=\"1\" type=\"text\" name=\"form_fields[nachname]\" id=\"form-field-nachname\" class=\"elementor-field elementor-size-sm  elementor-field-textual\" required=\"required\">\n\t\t\t\t\t\t\t\t\t\t\t<\/div>\n\t\t\t\t\t\t\t\t<div class=\"elementor-field-type-email elementor-field-group elementor-column elementor-field-group-email elementor-col-100 elementor-field-required elementor-mark-required\">\n\t\t\t\t\t\t\t\t\t\t\t\t<label for=\"form-field-email\" class=\"elementor-field-label\">\n\t\t\t\t\t\t\t\te-po\u0161ta\t\t\t\t\t\t\t<\/label>\n\t\t\t\t\t\t\t\t\t\t\t\t\t\t<input size=\"1\" type=\"email\" name=\"form_fields[email]\" id=\"form-field-email\" class=\"elementor-field elementor-size-sm  elementor-field-textual\" required=\"required\">\n\t\t\t\t\t\t\t\t\t\t\t<\/div>\n\t\t\t\t\t\t\t\t<div class=\"elementor-field-type-textarea elementor-field-group elementor-column elementor-field-group-nachricht elementor-col-100 elementor-field-required elementor-mark-required\">\n\t\t\t\t\t\t\t\t\t\t\t\t<label for=\"form-field-nachricht\" class=\"elementor-field-label\">\n\t\t\t\t\t\t\t\tVijesti\t\t\t\t\t\t\t<\/label>\n\t\t\t\t\t\t<textarea class=\"elementor-field-textual elementor-field  elementor-size-sm\" name=\"form_fields[nachricht]\" id=\"form-field-nachricht\" rows=\"3\" required=\"required\"><\/textarea>\t\t\t\t<\/div>\n\t\t\t\t\t\t\t\t<div class=\"elementor-field-type-html elementor-field-group elementor-column elementor-field-group-field_e9bd388 elementor-col-100\">\n\t\t\t\t\tVa\u0161i \u0107e se osobni podaci obra\u0111ivati kako bi se osigurala u\u010dinkovita obrada va\u0161eg zahtjeva. Dodatne informacije o obradi va\u0161ih podataka i va\u0161im pravima mo\u017eete prona\u0107i u na\u0161oj obavijesti o obradi osobnih podataka i kola\u010di\u0107a.\t\t\t\t<\/div>\n\t\t\t\t\t\t\t\t<div class=\"elementor-field-type-text\">\n\t\t\t\t\t<input size=\"1\" type=\"text\" name=\"form_fields[field_6baa94a]\" id=\"form-field-field_6baa94a\" class=\"elementor-field elementor-size-sm\" style=\"display:none !important;\">\t\t\t\t<\/div>\n\t\t\t\t\t\t\t\t<div class=\"elementor-field-group elementor-column elementor-field-type-submit elementor-col-100 e-form__buttons\">\n\t\t\t\t\t<button class=\"elementor-button elementor-size-sm\" type=\"submit\">\n\t\t\t\t\t\t<span class=\"elementor-button-content-wrapper\">\n\t\t\t\t\t\t\t\t\t\t\t\t\t\t\t\t\t\t\t\t\t\t<span class=\"elementor-button-text\">POSLATI<\/span>\n\t\t\t\t\t\t\t\t\t\t\t\t\t<\/span>\n\t\t\t\t\t<\/button>\n\t\t\t\t<\/div>\n\t\t\t<\/div>\n\t\t<input type=\"hidden\" name=\"trp-form-language\" value=\"hr\"\/><\/form>\n\t\t\t\t\t\t<\/div>\n\t\t\t\t<\/div>\n\t\t<div class=\"elementor-element elementor-element-37a3636f e-con-full e-flex e-con e-child\" data-id=\"37a3636f\" data-element_type=\"container\" data-settings=\"{&quot;background_background&quot;:&quot;classic&quot;}\">\n\t\t<div class=\"elementor-element elementor-element-49b7ff1 e-con-full e-flex e-con e-child\" data-id=\"49b7ff1\" data-element_type=\"container\">\n\t\t\t\t<div class=\"elementor-element elementor-element-2297fd91 elementor-widget elementor-widget-heading\" data-id=\"2297fd91\" data-element_type=\"widget\" data-widget_type=\"heading.default\">\n\t\t\t\t\t<h2 class=\"elementor-heading-title elementor-size-default\">Kontaktni podaci<\/h2>\t\t\t\t<\/div>\n\t\t\t\t<div class=\"elementor-element elementor-element-2240e7b8 elementor-widget elementor-widget-text-editor\" data-id=\"2240e7b8\" data-element_type=\"widget\" data-widget_type=\"text-editor.default\">\n\t\t\t\t\t\t\t\t\t<p>Ako imate bilo kakvih pitanja ili komentara o na\u0161im trgovinama, proizvodima ili uslugama, voljeli bismo \u010duti od vas.<\/p>\t\t\t\t\t\t\t\t<\/div>\n\t\t\t\t<\/div>\n\t\t<div class=\"elementor-element elementor-element-4dc73921 e-con-full e-flex e-con e-child\" data-id=\"4dc73921\" data-element_type=\"container\">\n\t\t\t\t<div class=\"elementor-element elementor-element-a5ad192 jkit-equal-height-disable elementor-widget elementor-widget-jkit_icon_box\" data-id=\"a5ad192\" data-element_type=\"widget\" data-widget_type=\"jkit_icon_box.default\">\n\t\t\t\t\t<div  class=\"jeg-elementor-kit jkit-icon-box icon-position-left elementor-animation- jeg_module___69f8b47b4ee03\" ><a href=\"tel:+4313752485\" class=\"icon-box-link\" aria-label=\"Ured\"><div class=\"jkit-icon-box-wrapper hover-from-left\"><div class=\"icon-box icon-box-header elementor-animation-\"><div class=\"icon style-color\"><i aria-hidden=\"true\" class=\"jki jki-phone1-light\"><\/i><\/div><\/div><div class=\"icon-box icon-box-body\">\n                <h4 class=\"title\">Ured<\/h4><p class=\"icon-box-description\">+43 (01) 13752485<\/p>\n            <\/div>\n            \n            <\/div><\/a><\/div>\t\t\t\t<\/div>\n\t\t\t\t<\/div>\n\t\t<div class=\"elementor-element elementor-element-13b28992 e-con-full e-flex e-con e-child\" data-id=\"13b28992\" data-element_type=\"container\">\n\t\t\t\t<div class=\"elementor-element elementor-element-dd878db jkit-equal-height-disable elementor-widget elementor-widget-jkit_icon_box\" data-id=\"dd878db\" data-element_type=\"widget\" data-widget_type=\"jkit_icon_box.default\">\n\t\t\t\t\t<div  class=\"jeg-elementor-kit jkit-icon-box icon-position-left elementor-animation- jeg_module__1_69f8b47b4f9b7\" ><a href=\"tel:+436763122504\" class=\"icon-box-link\" aria-label=\"Ponuda\"><div class=\"jkit-icon-box-wrapper hover-from-left\"><div class=\"icon-box icon-box-header elementor-animation-\"><div class=\"icon style-color\"><i aria-hidden=\"true\" class=\"jki jki-phone1-light\"><\/i><\/div><\/div><div class=\"icon-box icon-box-body\">\n                <h4 class=\"title\">Ponuda<\/h4><p class=\"icon-box-description\">+43 676 3122504<\/p>\n            <\/div>\n            \n            <\/div><\/a><\/div>\t\t\t\t<\/div>\n\t\t\t\t<\/div>\n\t\t<div class=\"elementor-element elementor-element-20ae79e0 e-con-full e-flex e-con e-child\" data-id=\"20ae79e0\" data-element_type=\"container\">\n\t\t\t\t<div class=\"elementor-element elementor-element-4ec94852 jkit-equal-height-disable elementor-widget elementor-widget-jkit_icon_box\" data-id=\"4ec94852\" data-element_type=\"widget\" data-widget_type=\"jkit_icon_box.default\">\n\t\t\t\t\t<div  class=\"jeg-elementor-kit jkit-icon-box icon-position-left elementor-animation- jeg_module__2_69f8b47b5014c\" ><a href=\"mailto:office@polytec.co\" class=\"icon-box-link\" aria-label=\"E-po\u0161ta\"><div class=\"jkit-icon-box-wrapper hover-from-left\"><div class=\"icon-box icon-box-header elementor-animation-\"><div class=\"icon style-color\"><i aria-hidden=\"true\" class=\"jki jki-envelope1-light\"><\/i><\/div><\/div><div class=\"icon-box icon-box-body\">\n                <h4 class=\"title\">E-po\u0161ta<\/h4><p class=\"icon-box-description\">office@polytec.co<\/p>\n            <\/div>\n            \n            <\/div><\/a><\/div>\t\t\t\t<\/div>\n\t\t\t\t<\/div>\n\t\t<div class=\"elementor-element elementor-element-366a421f e-con-full e-flex e-con e-child\" data-id=\"366a421f\" data-element_type=\"container\">\n\t\t\t\t<div class=\"elementor-element elementor-element-2e1396a jkit-equal-height-disable elementor-widget elementor-widget-jkit_icon_box\" data-id=\"2e1396a\" data-element_type=\"widget\" data-widget_type=\"jkit_icon_box.default\">\n\t\t\t\t\t<div  class=\"jeg-elementor-kit jkit-icon-box icon-position-left elementor-animation- jeg_module__3_69f8b47b50888\" ><a href=\"https:\/\/www.google.com\/maps\/dir\/47.9443573,16.0963926\/Hadikgasse+64,+1140+Wien\/@48.0595132,16.0544604,65268m\/data=!3m2!1e3!4b1!4m9!4m8!1m1!4e1!1m5!1m1!1s0x476da7e342150695:0x69db48962bf8c253!2m2!1d16.303301!2d48.1884509?entry=ttu&#038;g_ep=EgoyMDI1MDgxMy4wIKXMDSoASAFQAw%3D%3D\" class=\"icon-box-link\" aria-label=\"Mjesto\" target=\"_blank\" rel=\"noopener\"><div class=\"jkit-icon-box-wrapper hover-from-left\"><div class=\"icon-box icon-box-header elementor-animation-\"><div class=\"icon style-color\"><i aria-hidden=\"true\" class=\"jki jki-building\"><\/i><\/div><\/div><div class=\"icon-box icon-box-body\">\n                <h4 class=\"title\">Mjesto<\/h4><p class=\"icon-box-description\">Hadikgasse 64<br>1140 Be\u010d<\/p>\n            <\/div>\n            \n            <\/div><\/a><\/div>\t\t\t\t<\/div>\n\t\t\t\t<\/div>\n\t\t\t\t<\/div>\n\t\t\t\t<\/div>\n\t\t\t\t\t<\/div>\n\t\t\t\t<\/div>\n\t\t\t\t<\/div>\n\t\t<\/div>\n\t\t\t\t\t\t<\/div>\n\t\t\t\t\t<\/div>\n\t\t\t\t<\/div>\n\t\t<div class=\"elementor-element elementor-element-4a980ce5 e-flex e-con-boxed e-con e-parent\" data-id=\"4a980ce5\" data-element_type=\"container\">\n\t\t\t\t\t<div class=\"e-con-inner\">\n\t\t<div class=\"elementor-element elementor-element-5b01f819 e-con-full e-flex e-con e-child\" data-id=\"5b01f819\" data-element_type=\"container\" data-settings=\"{&quot;background_background&quot;:&quot;classic&quot;}\">\n\t\t<div class=\"elementor-element elementor-element-61d11af7 e-con-full e-flex e-con e-child\" data-id=\"61d11af7\" data-element_type=\"container\">\n\t\t\t\t<div class=\"elementor-element elementor-element-53495dd5 elementor-widget elementor-widget-image\" data-id=\"53495dd5\" data-element_type=\"widget\" data-widget_type=\"image.default\">\n\t\t\t\t\t\t\t\t\t\t\t\t\t\t\t<img loading=\"lazy\" decoding=\"async\" width=\"1200\" height=\"800\" src=\"https:\/\/www.polytec.co\/wp-content\/uploads\/2025\/06\/Asset-044.jpg\" class=\"attachment-full size-full wp-image-144\" alt=\"\" srcset=\"https:\/\/www.polytec.co\/wp-content\/uploads\/2025\/06\/Asset-044.jpg 1200w, https:\/\/www.polytec.co\/wp-content\/uploads\/2025\/06\/Asset-044-300x200.jpg 300w, https:\/\/www.polytec.co\/wp-content\/uploads\/2025\/06\/Asset-044-1024x683.jpg 1024w, https:\/\/www.polytec.co\/wp-content\/uploads\/2025\/06\/Asset-044-768x512.jpg 768w\" sizes=\"auto, (max-width: 1200px) 100vw, 1200px\" \/>\t\t\t\t\t\t\t\t\t\t\t\t\t\t\t<\/div>\n\t\t\t\t<\/div>\n\t\t<div class=\"elementor-element elementor-element-22cbb4ef e-con-full e-flex e-con e-child\" data-id=\"22cbb4ef\" data-element_type=\"container\">\n\t\t\t\t<div class=\"elementor-element elementor-element-4c79130d elementor-widget elementor-widget-heading\" data-id=\"4c79130d\" data-element_type=\"widget\" data-widget_type=\"heading.default\">\n\t\t\t\t\t<h4 class=\"elementor-heading-title elementor-size-default\">\u0160to je poliurea?<\/h4>\t\t\t\t<\/div>\n\t\t\t\t<div class=\"elementor-element elementor-element-56c69ff3 elementor-widget elementor-widget-text-editor\" data-id=\"56c69ff3\" data-element_type=\"widget\" data-widget_type=\"text-editor.default\">\n\t\t\t\t\t\t\t\t\t<p>Poliurea se koristi ve\u0107 oko 30 godina. Brzo je prepoznato da je materijal idealan za nano\u0161enje prskanjem.<\/p>\t\t\t\t\t\t\t\t<\/div>\n\t\t\t\t<div class=\"elementor-element elementor-element-871e1d7 elementor-widget elementor-widget-button\" data-id=\"871e1d7\" data-element_type=\"widget\" data-widget_type=\"button.default\">\n\t\t\t\t\t\t\t\t\t\t<a class=\"elementor-button elementor-button-link elementor-size-sm elementor-animation-shrink\" href=\"https:\/\/www.polytec.co\/hr\/was-ist-polyurea\/\">\n\t\t\t\t\t\t<span class=\"elementor-button-content-wrapper\">\n\t\t\t\t\t\t<span class=\"elementor-button-icon\">\n\t\t\t\t<i aria-hidden=\"true\" class=\"jki jki-right-arrow1-light\"><\/i>\t\t\t<\/span>\n\t\t\t\t\t\t\t\t\t<span class=\"elementor-button-text\">Poliurea<\/span>\n\t\t\t\t\t<\/span>\n\t\t\t\t\t<\/a>\n\t\t\t\t\t\t\t\t<\/div>\n\t\t\t\t<\/div>\n\t\t\t\t<\/div>\n\t\t<div class=\"elementor-element elementor-element-61fc40ad e-con-full e-flex e-con e-child\" data-id=\"61fc40ad\" data-element_type=\"container\" data-settings=\"{&quot;background_background&quot;:&quot;classic&quot;}\">\n\t\t<div class=\"elementor-element elementor-element-4c2d03d7 e-con-full e-flex e-con e-child\" data-id=\"4c2d03d7\" data-element_type=\"container\">\n\t\t\t\t<div class=\"elementor-element elementor-element-5e0675cc elementor-widget elementor-widget-image\" data-id=\"5e0675cc\" data-element_type=\"widget\" data-widget_type=\"image.default\">\n\t\t\t\t\t\t\t\t\t\t\t\t\t\t\t<img loading=\"lazy\" decoding=\"async\" width=\"1200\" height=\"800\" src=\"https:\/\/www.polytec.co\/wp-content\/uploads\/2025\/06\/Asset-045.jpg\" class=\"attachment-full size-full wp-image-160\" alt=\"\" srcset=\"https:\/\/www.polytec.co\/wp-content\/uploads\/2025\/06\/Asset-045.jpg 1200w, https:\/\/www.polytec.co\/wp-content\/uploads\/2025\/06\/Asset-045-300x200.jpg 300w, https:\/\/www.polytec.co\/wp-content\/uploads\/2025\/06\/Asset-045-1024x683.jpg 1024w, https:\/\/www.polytec.co\/wp-content\/uploads\/2025\/06\/Asset-045-768x512.jpg 768w\" sizes=\"auto, (max-width: 1200px) 100vw, 1200px\" \/>\t\t\t\t\t\t\t\t\t\t\t\t\t\t\t<\/div>\n\t\t\t\t<\/div>\n\t\t<div class=\"elementor-element elementor-element-628ef502 e-con-full e-flex e-con e-child\" data-id=\"628ef502\" data-element_type=\"container\">\n\t\t\t\t<div class=\"elementor-element elementor-element-16c6b10a elementor-widget elementor-widget-heading\" data-id=\"16c6b10a\" data-element_type=\"widget\" data-widget_type=\"heading.default\">\n\t\t\t\t\t<h4 class=\"elementor-heading-title elementor-size-default\">Na\u0161e vijesti<\/h4>\t\t\t\t<\/div>\n\t\t\t\t<div class=\"elementor-element elementor-element-429a3108 elementor-widget elementor-widget-text-editor\" data-id=\"429a3108\" data-element_type=\"widget\" data-widget_type=\"text-editor.default\">\n\t\t\t\t\t\t\t\t\t<p>Budite informirani o trenutnim projektima, novim tehnologijama i razvoju poliurea premaza.<br \/>Uvidi, reference i tehni\u010dka a\u017euriranja iz prakse.<\/p>\t\t\t\t\t\t\t\t<\/div>\n\t\t\t\t<div class=\"elementor-element elementor-element-14396d04 elementor-widget elementor-widget-button\" data-id=\"14396d04\" data-element_type=\"widget\" data-widget_type=\"button.default\">\n\t\t\t\t\t\t\t\t\t\t<a class=\"elementor-button elementor-button-link elementor-size-sm elementor-animation-shrink\" href=\"https:\/\/www.polytec.co\/hr\/news\/\">\n\t\t\t\t\t\t<span class=\"elementor-button-content-wrapper\">\n\t\t\t\t\t\t<span class=\"elementor-button-icon\">\n\t\t\t\t<i aria-hidden=\"true\" class=\"jki jki-right-arrow1-light\"><\/i>\t\t\t<\/span>\n\t\t\t\t\t\t\t\t\t<span class=\"elementor-button-text\">Vijesti<\/span>\n\t\t\t\t\t<\/span>\n\t\t\t\t\t<\/a>\n\t\t\t\t\t\t\t\t<\/div>\n\t\t\t\t<\/div>\n\t\t\t\t<\/div>\n\t\t\t\t\t<\/div>\n\t\t\t\t<\/div>\n\t\t<div class=\"elementor-element elementor-element-12def344 e-flex e-con-boxed e-con e-parent\" data-id=\"12def344\" data-element_type=\"container\">\n\t\t\t\t\t<div class=\"e-con-inner\">\n\t\t<div class=\"elementor-element elementor-element-1f78a56d e-con-full e-flex e-con e-child\" data-id=\"1f78a56d\" data-element_type=\"container\">\n\t\t\t\t<div class=\"elementor-element elementor-element-5fe3fa97 elementor-widget elementor-widget-google_maps\" data-id=\"5fe3fa97\" data-element_type=\"widget\" data-widget_type=\"google_maps.default\">\n\t\t\t\t\t\t\t<div class=\"elementor-custom-embed\">\n\t\t\t <div class=\"brlbs-cmpnt-container brlbs-cmpnt-content-blocker brlbs-cmpnt-with-individual-styles\" data-borlabs-cookie-content-blocker-id=\"google-maps\" data-borlabs-cookie-content=\"PGlmcmFtZSBsb2FkaW5nPSJsYXp5IgoJCQkJCXNyYz0iaHR0cHM6Ly9tYXBzLmdvb2dsZS5jb20vbWFwcz9xPUhhZGlrZ2Fzc2UlMjA2NCUyMDExNDAlMjBXaWVuJiMwMzg7dD1tJiMwMzg7ej0xMCYjMDM4O291dHB1dD1lbWJlZCYjMDM4O2l3bG9jPW5lYXIiCgkJCQkJdGl0bGU9IkhhZGlrZ2Fzc2UgNjQgMTE0MCBXaWVuIgoJCQkJCWFyaWEtbGFiZWw9IkhhZGlrZ2Fzc2UgNjQgMTE0MCBXaWVuIgoJCQk+PC9pZnJhbWU+\"><div class=\"brlbs-cmpnt-cb-preset-b brlbs-cmpnt-cb-google-maps\"> <div class=\"brlbs-cmpnt-cb-thumbnail\" style=\"background-image: url('https:\/\/www.polytec.co\/wp-content\/uploads\/borlabs-cookie\/1\/brlbs-cb-google-maps-main.png')\"><\/div> <div class=\"brlbs-cmpnt-cb-main\"> <div class=\"brlbs-cmpnt-cb-content\"> <p class=\"brlbs-cmpnt-cb-description\">Trenutno pregledavate sadr\u017eaj rezerviranog mjesta od <strong>Google karte<\/strong>Za pristup stvarnom sadr\u017eaju kliknite gumb ispod. Imajte na umu da ovaj postupak uklju\u010duje dijeljenje podataka s tre\u0107im stranama.<\/p> <a class=\"brlbs-cmpnt-cb-provider-toggle\" href=\"#\" data-borlabs-cookie-show-provider-information role=\"button\">Vi\u0161e informacija<\/a> <\/div> <div class=\"brlbs-cmpnt-cb-buttons\"> <a class=\"brlbs-cmpnt-cb-btn\" href=\"#\" data-borlabs-cookie-unblock role=\"button\">Otklju\u010daj sadr\u017eaj<\/a> <a class=\"brlbs-cmpnt-cb-btn\" href=\"#\" data-borlabs-cookie-accept-service role=\"button\" style=\"display: inherit\">Prihvati potrebnu uslugu i otklju\u010daj sadr\u017eaj<\/a> <\/div> <\/div> <\/div><\/div>\n\t\t<\/div>\n\t\t\t\t\t\t<\/div>\n\t\t\t\t<\/div>\n\t\t\t\t\t<\/div>\n\t\t\t\t<\/div>\n\t\t\t\t<\/div>","protected":false},"excerpt":{"rendered":"<p>Po\u010detna Kontakt Kontaktirajte nas bilo kada \u0160to je poliurea? Poliurea se koristi ve\u0107 oko 30 godina. Brzo je prepoznato da je materijal idealan za nano\u0161enje prskanjem. Poliurea Na\u0161e vijesti Budite informirani o trenutnim projektima, novim tehnologijama i razvoju poliurea premaza. Uvidi, reference i tehni\u010dka a\u017euriranja iz prakti\u010dne primjene. Vijesti Mo\u017eete vidjeti [\u2026]<\/p>","protected":false},"author":2,"featured_media":0,"parent":0,"menu_order":0,"comment_status":"closed","ping_status":"closed","template":"elementor_header_footer","meta":{"footnotes":""},"class_list":["post-216","page","type-page","status-publish","hentry"],"_links":{"self":[{"href":"https:\/\/www.polytec.co\/hr\/wp-json\/wp\/v2\/pages\/216","targetHints":{"allow":["GET"]}}],"collection":[{"href":"https:\/\/www.polytec.co\/hr\/wp-json\/wp\/v2\/pages"}],"about":[{"href":"https:\/\/www.polytec.co\/hr\/wp-json\/wp\/v2\/types\/page"}],"author":[{"embeddable":true,"href":"https:\/\/www.polytec.co\/hr\/wp-json\/wp\/v2\/users\/2"}],"replies":[{"embeddable":true,"href":"https:\/\/www.polytec.co\/hr\/wp-json\/wp\/v2\/comments?post=216"}],"version-history":[{"count":70,"href":"https:\/\/www.polytec.co\/hr\/wp-json\/wp\/v2\/pages\/216\/revisions"}],"predecessor-version":[{"id":2122,"href":"https:\/\/www.polytec.co\/hr\/wp-json\/wp\/v2\/pages\/216\/revisions\/2122"}],"wp:attachment":[{"href":"https:\/\/www.polytec.co\/hr\/wp-json\/wp\/v2\/media?parent=216"}],"curies":[{"name":"radni list","href":"https:\/\/api.w.org\/{rel}","templated":true}]}}