{"id":214,"date":"2025-06-19T15:51:34","date_gmt":"2025-06-19T13:51:34","guid":{"rendered":"https:\/\/polytec.trend-agentur.at\/?page_id=214"},"modified":"2026-04-27T11:24:59","modified_gmt":"2026-04-27T09:24:59","slug":"impressum","status":"publish","type":"page","link":"https:\/\/www.polytec.co\/hr\/impressum\/","title":{"rendered":"otisak"},"content":{"rendered":"<div data-elementor-type=\"wp-page\" data-elementor-id=\"214\" class=\"elementor elementor-214\" data-elementor-post-type=\"page\">\n\t\t\t\t<div class=\"elementor-element elementor-element-466ad78 e-flex e-con-boxed e-con e-parent\" data-id=\"466ad78\" data-element_type=\"container\">\n\t\t\t\t\t<div class=\"e-con-inner\">\n\t\t<div class=\"elementor-element elementor-element-7221b83 e-con-full e-flex e-con e-child\" data-id=\"7221b83\" data-element_type=\"container\">\n\t\t<div class=\"elementor-element elementor-element-f3e6e58 e-con-full e-flex e-con e-child\" data-id=\"f3e6e58\" data-element_type=\"container\" data-settings=\"{&quot;background_background&quot;:&quot;classic&quot;}\">\n\t\t\t\t<div class=\"elementor-element elementor-element-c96db1f elementor-widget elementor-widget-heading\" data-id=\"c96db1f\" data-element_type=\"widget\" data-widget_type=\"heading.default\">\n\t\t\t\t\t<h2 class=\"elementor-heading-title elementor-size-default\">otisak<\/h2>\t\t\t\t<\/div>\n\t\t\t\t<div class=\"elementor-element elementor-element-5d9bedb elementor-widget elementor-widget-heading\" data-id=\"5d9bedb\" data-element_type=\"widget\" data-widget_type=\"heading.default\">\n\t\t\t\t\t<h5 class=\"elementor-heading-title elementor-size-default\">Otisak prema \u00a7 14 UGB-a, \u00a7 5 ECG-a i objava prema \u00a7 25 Zakona o medijima (AT)<\/h5>\t\t\t\t<\/div>\n\t\t\t\t<div class=\"elementor-element elementor-element-253ec73 elementor-widget elementor-widget-heading\" data-id=\"253ec73\" data-element_type=\"widget\" data-widget_type=\"heading.default\">\n\t\t\t\t\t<h3 class=\"elementor-heading-title elementor-size-default\">POLYTEC \u2013 poliurea tehnologija GmbH<\/h3>\t\t\t\t<\/div>\n\t\t\t\t<div class=\"elementor-element elementor-element-d8e007e elementor-widget elementor-widget-heading\" data-id=\"d8e007e\" data-element_type=\"widget\" data-widget_type=\"heading.default\">\n\t\t\t\t\t<h4 class=\"elementor-heading-title elementor-size-default\">Hadikgasse 64, 1140 Be\u010d, Austrija\n<br><br>\nTrgova\u010dki registar: FN 574232 i\n<br><br>\nPDV broj: ATU78489459\n<br><br>\n+43 1 3752485\n<br><br>\n+43 (0)676 3122504\n<br><br>\noffice@polytec.co\n<br><br>\nwww.polytec.co<\/h4>\t\t\t\t<\/div>\n\t\t\t\t<\/div>\n\t\t<div class=\"elementor-element elementor-element-50805cb e-con-full e-flex e-con e-child\" data-id=\"50805cb\" data-element_type=\"container\" data-settings=\"{&quot;background_background&quot;:&quot;classic&quot;}\">\n\t\t\t\t<div class=\"elementor-element elementor-element-dd76c4b logoswitch elementor-invisible elementor-widget elementor-widget-image\" data-id=\"dd76c4b\" data-element_type=\"widget\" data-settings=\"{&quot;_animation&quot;:&quot;fadeIn&quot;}\" data-widget_type=\"image.default\">\n\t\t\t\t\t\t\t\t\t\t\t\t\t\t\t<img loading=\"lazy\" decoding=\"async\" width=\"800\" height=\"253\" src=\"https:\/\/www.polytec.co\/wp-content\/uploads\/2026\/01\/Logo-Polytec2-1024x324.png\" class=\"attachment-large size-large wp-image-2253\" alt=\"\" srcset=\"https:\/\/www.polytec.co\/wp-content\/uploads\/2026\/01\/Logo-Polytec2-1024x324.png 1024w, https:\/\/www.polytec.co\/wp-content\/uploads\/2026\/01\/Logo-Polytec2-300x95.png 300w, https:\/\/www.polytec.co\/wp-content\/uploads\/2026\/01\/Logo-Polytec2-768x243.png 768w, https:\/\/www.polytec.co\/wp-content\/uploads\/2026\/01\/Logo-Polytec2-18x6.png 18w, https:\/\/www.polytec.co\/wp-content\/uploads\/2026\/01\/Logo-Polytec2.png 1524w\" sizes=\"auto, (max-width: 800px) 100vw, 800px\" \/>\t\t\t\t\t\t\t\t\t\t\t\t\t\t\t<\/div>\n\t\t\t\t<div class=\"elementor-element elementor-element-d94bc76 elementor-invisible elementor-widget elementor-widget-heading\" data-id=\"d94bc76\" data-element_type=\"widget\" data-settings=\"{&quot;_animation&quot;:&quot;fadeInRight&quot;,&quot;_animation_delay&quot;:450}\" data-widget_type=\"heading.default\">\n\t\t\t\t\t<h2 class=\"elementor-heading-title elementor-size-default\">Specijalni premazi s poliureom<\/h2>\t\t\t\t<\/div>\n\t\t\t\t<div class=\"elementor-element elementor-element-da2653d elementor-invisible elementor-widget elementor-widget-heading\" data-id=\"da2653d\" data-element_type=\"widget\" data-settings=\"{&quot;_animation&quot;:&quot;fadeInRight&quot;,&quot;_animation_delay&quot;:850}\" data-widget_type=\"heading.default\">\n\t\t\t\t\t<h2 class=\"elementor-heading-title elementor-size-default\">Vi\u0161e od samo premaza<\/h2>\t\t\t\t<\/div>\n\t\t\t\t<\/div>\n\t\t\t\t<\/div>\n\t\t\t\t\t<\/div>\n\t\t\t\t<\/div>\n\t\t\t\t<\/div>","protected":false},"excerpt":{"rendered":"<p>Pravna obavijest   Pravna obavijest u skladu s \u010dlankom 14. Austrijskog trgova\u010dkog zakonika (UGB) i \u010dlankom 5. Austrijskog zakona o elektroni\u010dkoj trgovini (ECG), te objava u skladu s \u010dlankom 25. Austrijskog medijskog zakona (AT)   POLYTEC \u2013 polyurea-technology GmbH   Hadikgasse 64, 1140 Be\u010d, Austrija   Trgova\u010dki registar: FN 574232   PDV broj: ATU78489459 +43 1 3752485 +43 (0)676 3122504 office@polytec.co www.polytec.co Posebni premazi s poliureom Vi\u0161e od samih premaza<\/p>","protected":false},"author":2,"featured_media":0,"parent":0,"menu_order":0,"comment_status":"closed","ping_status":"closed","template":"elementor_header_footer","meta":{"footnotes":""},"class_list":["post-214","page","type-page","status-publish","hentry"],"_links":{"self":[{"href":"https:\/\/www.polytec.co\/hr\/wp-json\/wp\/v2\/pages\/214","targetHints":{"allow":["GET"]}}],"collection":[{"href":"https:\/\/www.polytec.co\/hr\/wp-json\/wp\/v2\/pages"}],"about":[{"href":"https:\/\/www.polytec.co\/hr\/wp-json\/wp\/v2\/types\/page"}],"author":[{"embeddable":true,"href":"https:\/\/www.polytec.co\/hr\/wp-json\/wp\/v2\/users\/2"}],"replies":[{"embeddable":true,"href":"https:\/\/www.polytec.co\/hr\/wp-json\/wp\/v2\/comments?post=214"}],"version-history":[{"count":46,"href":"https:\/\/www.polytec.co\/hr\/wp-json\/wp\/v2\/pages\/214\/revisions"}],"predecessor-version":[{"id":2500,"href":"https:\/\/www.polytec.co\/hr\/wp-json\/wp\/v2\/pages\/214\/revisions\/2500"}],"wp:attachment":[{"href":"https:\/\/www.polytec.co\/hr\/wp-json\/wp\/v2\/media?parent=214"}],"curies":[{"name":"radni list","href":"https:\/\/api.w.org\/{rel}","templated":true}]}}